{"id":100,"date":"2020-12-07T14:12:07","date_gmt":"2020-12-07T14:12:07","guid":{"rendered":"https:\/\/2020.scos-kickboxing.ch\/?page_id=100"},"modified":"2026-01-12T10:40:36","modified_gmt":"2026-01-12T09:40:36","slug":"news","status":"publish","type":"page","link":"https:\/\/scos-kickboxing.ch\/?page_id=100","title":{"rendered":"News"},"content":{"rendered":"\n<p><a href=\"https:\/\/scos-kickboxing.ch\/wp-content\/uploads\/2026\/01\/Koordinationssitzung-2026-1.pdf\" data-type=\"link\" data-id=\"https:\/\/scos-kickboxing.ch\/wp-content\/uploads\/2026\/01\/Koordinationssitzung-2026-1.pdf\"><strong>Protokoll der Jahreskoordinations-Sitzung 2026<\/strong><\/a><\/p>\n\n\n\n<hr class=\"wp-block-separator has-text-color has-vivid-red-color has-alpha-channel-opacity has-vivid-red-background-color has-background is-style-wide\"\/>\n\n\n\n<p>Alle Schweizermeister 2024 haben sich f\u00fcr dieses Turnier qualifiziert<\/p>\n\n\n\n<figure class=\"wp-block-image size-large\"><img loading=\"lazy\" decoding=\"async\" width=\"730\" height=\"1024\" src=\"https:\/\/scos-kickboxing.ch\/wp-content\/uploads\/2025\/01\/Flyer-WMAC-WM-England--730x1024.png\" alt=\"\" class=\"wp-image-1198\" srcset=\"https:\/\/scos-kickboxing.ch\/wp-content\/uploads\/2025\/01\/Flyer-WMAC-WM-England--730x1024.png 730w, https:\/\/scos-kickboxing.ch\/wp-content\/uploads\/2025\/01\/Flyer-WMAC-WM-England--214x300.png 214w, https:\/\/scos-kickboxing.ch\/wp-content\/uploads\/2025\/01\/Flyer-WMAC-WM-England--768x1077.png 768w, https:\/\/scos-kickboxing.ch\/wp-content\/uploads\/2025\/01\/Flyer-WMAC-WM-England-.png 1038w\" sizes=\"auto, (max-width: 730px) 100vw, 730px\" \/><\/figure>\n\n\n\n<hr class=\"wp-block-separator has-text-color has-vivid-red-color has-alpha-channel-opacity has-vivid-red-background-color has-background is-style-wide\"\/>\n\n\n\n<p>Wir sind mit dabei.<\/p>\n\n\n\n<figure class=\"wp-block-image size-large\"><img loading=\"lazy\" decoding=\"async\" width=\"1024\" height=\"642\" src=\"https:\/\/scos-kickboxing.ch\/wp-content\/uploads\/2025\/01\/Bildschirmfoto-2025-01-11-um-03.56.17-1024x642.png\" alt=\"\" class=\"wp-image-1195\" srcset=\"https:\/\/scos-kickboxing.ch\/wp-content\/uploads\/2025\/01\/Bildschirmfoto-2025-01-11-um-03.56.17-1024x642.png 1024w, https:\/\/scos-kickboxing.ch\/wp-content\/uploads\/2025\/01\/Bildschirmfoto-2025-01-11-um-03.56.17-300x188.png 300w, https:\/\/scos-kickboxing.ch\/wp-content\/uploads\/2025\/01\/Bildschirmfoto-2025-01-11-um-03.56.17-768x481.png 768w, https:\/\/scos-kickboxing.ch\/wp-content\/uploads\/2025\/01\/Bildschirmfoto-2025-01-11-um-03.56.17-1536x962.png 1536w, https:\/\/scos-kickboxing.ch\/wp-content\/uploads\/2025\/01\/Bildschirmfoto-2025-01-11-um-03.56.17.png 1928w\" sizes=\"auto, (max-width: 767px) 89vw, (max-width: 1000px) 54vw, (max-width: 1071px) 543px, 580px\" \/><\/figure>\n\n\n\n<hr class=\"wp-block-separator has-text-color has-vivid-red-color has-alpha-channel-opacity has-vivid-red-background-color has-background is-style-wide\"\/>\n\n\n\n<p><a href=\"https:\/\/scos-kickboxing.ch\/wp-content\/uploads\/2025\/01\/Protokoll-DE_SCOS-Koordinationssitzung-2025.pdf\"><strong>Protokoll der Jahreskoordinations-Sitzung 2025<\/strong><\/a><\/p>\n\n\n\n<hr class=\"wp-block-separator has-text-color has-vivid-red-color has-alpha-channel-opacity has-vivid-red-background-color has-background is-style-wide\"\/>\n\n\n\n<p>Die erste WM der WMAC f\u00fcr unser SCOS Nationalteam war sehr gut. Mit 3 Weltmeistern und 3 Silbermedalien sind wir bei 9 Teilnehmern sehr zufrieden. 2024 werden wir noch gr\u00f6sser auftreten.<\/p>\n\n\n\n<figure class=\"wp-block-image size-large\"><img loading=\"lazy\" decoding=\"async\" width=\"1024\" height=\"683\" src=\"https:\/\/scos-kickboxing.ch\/wp-content\/uploads\/2023\/10\/IMG_9116-1024x683.jpeg\" alt=\"\" class=\"wp-image-985\" srcset=\"https:\/\/scos-kickboxing.ch\/wp-content\/uploads\/2023\/10\/IMG_9116-1024x683.jpeg 1024w, https:\/\/scos-kickboxing.ch\/wp-content\/uploads\/2023\/10\/IMG_9116-300x200.jpeg 300w, https:\/\/scos-kickboxing.ch\/wp-content\/uploads\/2023\/10\/IMG_9116-768x513.jpeg 768w, https:\/\/scos-kickboxing.ch\/wp-content\/uploads\/2023\/10\/IMG_9116-1536x1025.jpeg 1536w, https:\/\/scos-kickboxing.ch\/wp-content\/uploads\/2023\/10\/IMG_9116-2048x1367.jpeg 2048w\" sizes=\"auto, (max-width: 767px) 89vw, (max-width: 1000px) 54vw, (max-width: 1071px) 543px, 580px\" \/><\/figure>\n\n\n\n<hr class=\"wp-block-separator has-text-color has-vivid-red-color has-alpha-channel-opacity has-vivid-red-background-color has-background is-style-wide\"\/>\n\n\n\n<p>Der erste Swiss Cup ist Geschichte. Vieles kann man besser machen und trotzdem f\u00fcr uns und auch f\u00fcr die K\u00e4mpfer eine wertvolle Erfahrung. Wir bedanken uns f\u00fcrs dabei sein.<\/p>\n\n\n\n<p>N\u00e4chstes Jahr wird dieser Cup Mitte Ende Juni sein. Wenn Veranstalter interessiert sind, gerne melden.<\/p>\n\n\n\n<hr class=\"wp-block-separator has-text-color has-vivid-red-color has-alpha-channel-opacity has-vivid-red-background-color has-background is-style-wide\"\/>\n\n\n\n<figure class=\"wp-block-image size-large\"><img loading=\"lazy\" decoding=\"async\" width=\"1024\" height=\"943\" src=\"https:\/\/scos-kickboxing.ch\/wp-content\/uploads\/2023\/05\/IMG_6918-1024x943.jpg\" alt=\"\" class=\"wp-image-763\" srcset=\"https:\/\/scos-kickboxing.ch\/wp-content\/uploads\/2023\/05\/IMG_6918-1024x943.jpg 1024w, https:\/\/scos-kickboxing.ch\/wp-content\/uploads\/2023\/05\/IMG_6918-300x276.jpg 300w, https:\/\/scos-kickboxing.ch\/wp-content\/uploads\/2023\/05\/IMG_6918-768x707.jpg 768w, https:\/\/scos-kickboxing.ch\/wp-content\/uploads\/2023\/05\/IMG_6918.jpg 1179w\" sizes=\"auto, (max-width: 767px) 89vw, (max-width: 1000px) 54vw, (max-width: 1071px) 543px, 580px\" \/><\/figure>\n\n\n\n<p>Hier der Anmeldelink: https:\/\/docs.google.com\/forms\/d\/e\/1FAIpQLSc36v3OBcPgi57JG9OWZCAh3tfrk8mHHripUxU_7w1Qkd1_VA\/viewform<\/p>\n\n\n\n<hr class=\"wp-block-separator has-text-color has-vivid-red-color has-alpha-channel-opacity has-vivid-red-background-color has-background is-style-wide\"\/>\n\n\n\n<div data-wp-interactive=\"core\/file\" class=\"wp-block-file\"><object data-wp-bind--hidden=\"!state.hasPdfPreview\" hidden class=\"wp-block-file__embed\" data=\"https:\/\/scos-kickboxing.ch\/wp-content\/uploads\/2023\/04\/SCOS-Neuerungen-2023.pdf\" type=\"application\/pdf\" style=\"width:100%;height:600px\" aria-label=\"Einbettung von SCOS-Neuerungen-2023.\"><\/object><a id=\"wp-block-file--media-6711d24f-9808-46a2-8a2a-a53e42e7bb40\" href=\"https:\/\/scos-kickboxing.ch\/wp-content\/uploads\/2023\/04\/SCOS-Neuerungen-2023.pdf\">SCOS-Neuerungen-2023<\/a><a href=\"https:\/\/scos-kickboxing.ch\/wp-content\/uploads\/2023\/04\/SCOS-Neuerungen-2023.pdf\" class=\"wp-block-file__button wp-element-button\" download aria-describedby=\"wp-block-file--media-6711d24f-9808-46a2-8a2a-a53e42e7bb40\">Herunterladen<\/a><\/div>\n\n\n\n<hr class=\"wp-block-separator has-text-color has-pale-pink-color has-alpha-channel-opacity has-pale-pink-background-color has-background is-style-wide\"\/>\n\n\n<p>Wichtige Information!!<\/p>\n<p>Die ersten 4 Qualifikationen sind vorbei, das Jahresranking ist nun online. Wichtig f\u00fcr alle Teilnehmer ist dass nur noch bis zur 5.Quali die Gewichtskasse gewechselt werden kann. Die die dann das Gewicht am Wettkampftag nicht haben (welches sie angemeldet haben) und in der nicht passenden Gewichtsklasse k\u00e4mpfen, werden mit zus\u00e4tzlich 5 Punkten minus sanktioniert. Somit ist in der letzten Qualifikation wichtig, korrekt das Gewicht zu haben.<\/p>\n\n\n<hr class=\"wp-block-separator has-text-color has-vivid-red-color has-css-opacity has-vivid-red-background-color has-background is-style-wide\"\/>\n\n\n\n<p>Hallo Zusammen<\/p>\n\n\n\n<p>Unsere neue Page ist Online und es wird weiter stetig noch daran gearbeitet.<\/p>\n\n\n\n<p>Wir sind mitten in der Saison 2022 und es ist sch\u00f6n euch alle wieder regelm\u00e4ssig sehen zu d\u00fcrfen.<br>Dieses Jahr mit K-1, Oriental Boxing und Muay Thai fahren wir gleich 3 Kampfstile und werden bei einer Teilnahme von mindestens 6 Teilnehmern pro Gewichtsklasse eine Amateur Schweizermeistertitel vergeben.<br>Die Nachfrage unseres Angebotes ist st\u00e4ndig am wachsen trotz paralleler Angebote oder Meisterschaften.<br>Weitere grosse Schritte werden in k\u00fcrze vorgestellt.<br>Seit gespannt und helft weiter mit eine gemeinsame grosse Community zu werden welche uns international auf weit h\u00f6here Level bringen wird als bisher.<\/p>\n\n\n\n<hr class=\"wp-block-separator has-text-color has-vivid-red-color has-css-opacity has-vivid-red-background-color has-background is-style-wide\"\/>\n","protected":false},"excerpt":{"rendered":"<p>Protokoll der Jahreskoordinations-Sitzung 2026 Alle Schweizermeister 2024 haben sich f\u00fcr dieses Turnier qualifiziert Wir sind mit dabei. Protokoll der Jahreskoordinations-Sitzung 2025 Die erste WM der WMAC f\u00fcr unser SCOS Nationalteam &hellip; <\/p>\n<p class=\"link-more\"><a href=\"https:\/\/scos-kickboxing.ch\/?page_id=100\" class=\"more-link\"><span class=\"screen-reader-text\">&#171;News&#187;<\/span> weiterlesen<\/a><\/p>\n","protected":false},"author":1,"featured_media":0,"parent":0,"menu_order":0,"comment_status":"closed","ping_status":"closed","template":"","meta":{"_uag_custom_page_level_css":"","_EventAllDay":false,"_EventTimezone":"","_EventStartDate":"","_EventEndDate":"","_EventStartDateUTC":"","_EventEndDateUTC":"","_EventShowMap":false,"_EventShowMapLink":false,"_EventURL":"","_EventCost":"","_EventCostDescription":"","_EventCurrencySymbol":"","_EventCurrencyCode":"","_EventCurrencyPosition":"","_EventDateTimeSeparator":"","_EventTimeRangeSeparator":"","_EventOrganizerID":[],"_EventVenueID":0,"_OrganizerEmail":"","_OrganizerPhone":"","_OrganizerWebsite":"","_VenueAddress":"","_VenueCity":"","_VenueCountry":"","_VenueProvince":"","_VenueZip":"","_VenuePhone":"","_VenueURL":"","_VenueStateProvince":"","_VenueLat":"","_VenueLng":"","footnotes":""},"class_list":["post-100","page","type-page","status-publish","hentry"],"uagb_featured_image_src":{"full":false,"thumbnail":false,"medium":false,"medium_large":false,"large":false,"1536x1536":false,"2048x2048":false,"twentyseventeen-featured-image":false,"twentyseventeen-thumbnail-avatar":false},"uagb_author_info":{"display_name":"SCOSadmin","author_link":"https:\/\/scos-kickboxing.ch\/?author=1"},"uagb_comment_info":0,"uagb_excerpt":"Protokoll der Jahreskoordinations-Sitzung 2026 Alle Schweizermeister 2024 haben sich f\u00fcr dieses Turnier qualifiziert Wir sind mit dabei. Protokoll der Jahreskoordinations-Sitzung 2025 Die erste WM der WMAC f\u00fcr unser SCOS Nationalteam &hellip; \"News\" weiterlesen","_links":{"self":[{"href":"https:\/\/scos-kickboxing.ch\/index.php?rest_route=\/wp\/v2\/pages\/100","targetHints":{"allow":["GET"]}}],"collection":[{"href":"https:\/\/scos-kickboxing.ch\/index.php?rest_route=\/wp\/v2\/pages"}],"about":[{"href":"https:\/\/scos-kickboxing.ch\/index.php?rest_route=\/wp\/v2\/types\/page"}],"author":[{"embeddable":true,"href":"https:\/\/scos-kickboxing.ch\/index.php?rest_route=\/wp\/v2\/users\/1"}],"replies":[{"embeddable":true,"href":"https:\/\/scos-kickboxing.ch\/index.php?rest_route=%2Fwp%2Fv2%2Fcomments&post=100"}],"version-history":[{"count":17,"href":"https:\/\/scos-kickboxing.ch\/index.php?rest_route=\/wp\/v2\/pages\/100\/revisions"}],"predecessor-version":[{"id":1487,"href":"https:\/\/scos-kickboxing.ch\/index.php?rest_route=\/wp\/v2\/pages\/100\/revisions\/1487"}],"wp:attachment":[{"href":"https:\/\/scos-kickboxing.ch\/index.php?rest_route=%2Fwp%2Fv2%2Fmedia&parent=100"}],"curies":[{"name":"wp","href":"https:\/\/api.w.org\/{rel}","templated":true}]}}