{"id":14,"date":"2020-12-07T10:13:37","date_gmt":"2020-12-07T10:13:37","guid":{"rendered":"https:\/\/2020.scos-kickboxing.ch\/?page_id=14"},"modified":"2022-04-04T12:07:32","modified_gmt":"2022-04-04T10:07:32","slug":"startseite","status":"publish","type":"page","link":"https:\/\/scos-kickboxing.ch\/","title":{"rendered":"SCOS Kickboxing"},"content":{"rendered":"\n<h2 class=\"wp-block-heading\">Switzerland&#8217;s Best Amateur League in K-1, Oriental Boxing and Muay Thai !<\/h2>\n\n\n\n<p><\/p>\n\n\n\n<h4 class=\"wp-block-heading\">Herzlich Willkommen auf unserer&nbsp;Website<\/h4>\n\n\n\n<p>SCOS (Swiss Combat System) ist eine Organisation welche Amateur-Kampfsportlern eine Plattform bietet.<\/p>\n\n\n\n<p>Im Wettkampf mit gleichgesinnten&nbsp;sein K\u00f6nnen&nbsp;messen.&nbsp;\u00dcbers ganze Jahr&nbsp;Punkte sammeln und am Ende es Jahre und den SCOS Titel k\u00e4mpfen.&nbsp;<br>Alle Kampfsportler und Budofreunde sind herzlich eingeladen.<br>Besuchen Sie unsere Veranstaltungen oder&nbsp;registrieren&nbsp;Sie sich mit Euren Schulen \/ Clubs&nbsp;und Vereine bei uns und mischen Sie&nbsp;mit.<\/p>\n\n\n\n<p>Wir freuen uns \u00fcber jede\/n K\u00e4mpfer\/in oder Besucher\/in.<\/p>\n\n\n\n\n","protected":false},"excerpt":{"rendered":"<p>Switzerland&#8217;s Best Amateur League in K-1, Oriental Boxing and Muay Thai ! Herzlich Willkommen auf unserer&nbsp;Website SCOS (Swiss Combat System) ist eine Organisation welche Amateur-Kampfsportlern eine Plattform bietet. Im Wettkampf &hellip; <\/p>\n<p class=\"link-more\"><a href=\"https:\/\/scos-kickboxing.ch\/\" class=\"more-link\"><span class=\"screen-reader-text\">&#171;SCOS Kickboxing&#187;<\/span> weiterlesen<\/a><\/p>\n","protected":false},"author":1,"featured_media":0,"parent":0,"menu_order":0,"comment_status":"closed","ping_status":"closed","template":"","meta":{"_uag_custom_page_level_css":"","_EventAllDay":false,"_EventTimezone":"","_EventStartDate":"","_EventEndDate":"","_EventStartDateUTC":"","_EventEndDateUTC":"","_EventShowMap":false,"_EventShowMapLink":false,"_EventURL":"","_EventCost":"","_EventCostDescription":"","_EventCurrencySymbol":"","_EventCurrencyCode":"","_EventCurrencyPosition":"","_EventDateTimeSeparator":"","_EventTimeRangeSeparator":"","_EventOrganizerID":[],"_EventVenueID":0,"_OrganizerEmail":"","_OrganizerPhone":"","_OrganizerWebsite":"","_VenueAddress":"","_VenueCity":"","_VenueCountry":"","_VenueProvince":"","_VenueZip":"","_VenuePhone":"","_VenueURL":"","_VenueStateProvince":"","_VenueLat":"","_VenueLng":"","footnotes":""},"class_list":["post-14","page","type-page","status-publish","hentry"],"uagb_featured_image_src":{"full":false,"thumbnail":false,"medium":false,"medium_large":false,"large":false,"1536x1536":false,"2048x2048":false,"twentyseventeen-featured-image":false,"twentyseventeen-thumbnail-avatar":false},"uagb_author_info":{"display_name":"SCOSadmin","author_link":"https:\/\/scos-kickboxing.ch\/?author=1"},"uagb_comment_info":0,"uagb_excerpt":"Switzerland&#8217;s Best Amateur League in K-1, Oriental Boxing and Muay Thai ! Herzlich Willkommen auf unserer&nbsp;Website SCOS (Swiss Combat System) ist eine Organisation welche Amateur-Kampfsportlern eine Plattform bietet. Im Wettkampf &hellip; \"SCOS Kickboxing\" weiterlesen","_links":{"self":[{"href":"https:\/\/scos-kickboxing.ch\/index.php?rest_route=\/wp\/v2\/pages\/14","targetHints":{"allow":["GET"]}}],"collection":[{"href":"https:\/\/scos-kickboxing.ch\/index.php?rest_route=\/wp\/v2\/pages"}],"about":[{"href":"https:\/\/scos-kickboxing.ch\/index.php?rest_route=\/wp\/v2\/types\/page"}],"author":[{"embeddable":true,"href":"https:\/\/scos-kickboxing.ch\/index.php?rest_route=\/wp\/v2\/users\/1"}],"replies":[{"embeddable":true,"href":"https:\/\/scos-kickboxing.ch\/index.php?rest_route=%2Fwp%2Fv2%2Fcomments&post=14"}],"version-history":[{"count":13,"href":"https:\/\/scos-kickboxing.ch\/index.php?rest_route=\/wp\/v2\/pages\/14\/revisions"}],"predecessor-version":[{"id":372,"href":"https:\/\/scos-kickboxing.ch\/index.php?rest_route=\/wp\/v2\/pages\/14\/revisions\/372"}],"wp:attachment":[{"href":"https:\/\/scos-kickboxing.ch\/index.php?rest_route=%2Fwp%2Fv2%2Fmedia&parent=14"}],"curies":[{"name":"wp","href":"https:\/\/api.w.org\/{rel}","templated":true}]}}