{"id":1592,"date":"2026-02-20T18:55:34","date_gmt":"2026-02-20T17:55:34","guid":{"rendered":"https:\/\/scos-kickboxing.ch\/?page_id=1592"},"modified":"2026-02-20T19:02:52","modified_gmt":"2026-02-20T18:02:52","slug":"einverstaendniserklaerung-minderjaehrige","status":"publish","type":"page","link":"https:\/\/scos-kickboxing.ch\/?page_id=1592","title":{"rendered":"Einverst\u00e4ndniserkl\u00e4rung Minderj\u00e4hrige"},"content":{"rendered":"\n<p>Um minderj\u00e4hrige K\u00e4mpfer bei Wettk\u00e4mpfen antreten lassen zu k\u00f6nnen, ist es zwingend erforderlich, dass das folgende Formular korrekt ausgef\u00fcllt und eine Kopie des Erziehungsberechtigten vor dem Wettkampf vorgelegt werden kann.<\/p>\n\n\n\n<p><a href=\"https:\/\/scos-kickboxing.ch\/wp-content\/uploads\/2025\/12\/verzichtserklaerung-minderjaehrige-26_DE.pdf\" data-type=\"link\" data-id=\"https:\/\/scos-kickboxing.ch\/wp-content\/uploads\/2025\/12\/verzichtserklaerung-minderjaehrige-26_DE.pdf\">Dokument herunterladen<\/a><\/p>\n\n\n\n<p><\/p>\n","protected":false},"excerpt":{"rendered":"<p>Um minderj\u00e4hrige K\u00e4mpfer bei Wettk\u00e4mpfen antreten lassen zu k\u00f6nnen, ist es zwingend erforderlich, dass das folgende Formular korrekt ausgef\u00fcllt und eine Kopie des Erziehungsberechtigten vor dem Wettkampf vorgelegt werden kann. &hellip; <\/p>\n<p class=\"link-more\"><a href=\"https:\/\/scos-kickboxing.ch\/?page_id=1592\" class=\"more-link\"><span class=\"screen-reader-text\">&#171;Einverst\u00e4ndniserkl\u00e4rung Minderj\u00e4hrige&#187;<\/span> weiterlesen<\/a><\/p>\n","protected":false},"author":1,"featured_media":0,"parent":0,"menu_order":0,"comment_status":"closed","ping_status":"closed","template":"","meta":{"_uag_custom_page_level_css":"","_EventAllDay":false,"_EventTimezone":"","_EventStartDate":"","_EventEndDate":"","_EventStartDateUTC":"","_EventEndDateUTC":"","_EventShowMap":false,"_EventShowMapLink":false,"_EventURL":"","_EventCost":"","_EventCostDescription":"","_EventCurrencySymbol":"","_EventCurrencyCode":"","_EventCurrencyPosition":"","_EventDateTimeSeparator":"","_EventTimeRangeSeparator":"","_EventOrganizerID":[],"_EventVenueID":0,"_OrganizerEmail":"","_OrganizerPhone":"","_OrganizerWebsite":"","_VenueAddress":"","_VenueCity":"","_VenueCountry":"","_VenueProvince":"","_VenueZip":"","_VenuePhone":"","_VenueURL":"","_VenueStateProvince":"","_VenueLat":"","_VenueLng":"","footnotes":""},"class_list":["post-1592","page","type-page","status-publish","hentry"],"uagb_featured_image_src":{"full":false,"thumbnail":false,"medium":false,"medium_large":false,"large":false,"1536x1536":false,"2048x2048":false,"twentyseventeen-featured-image":false,"twentyseventeen-thumbnail-avatar":false},"uagb_author_info":{"display_name":"SCOSadmin","author_link":"https:\/\/scos-kickboxing.ch\/?author=1"},"uagb_comment_info":0,"uagb_excerpt":"Um minderj\u00e4hrige K\u00e4mpfer bei Wettk\u00e4mpfen antreten lassen zu k\u00f6nnen, ist es zwingend erforderlich, dass das folgende Formular korrekt ausgef\u00fcllt und eine Kopie des Erziehungsberechtigten vor dem Wettkampf vorgelegt werden kann. &hellip; \"Einverst\u00e4ndniserkl\u00e4rung Minderj\u00e4hrige\" weiterlesen","_links":{"self":[{"href":"https:\/\/scos-kickboxing.ch\/index.php?rest_route=\/wp\/v2\/pages\/1592","targetHints":{"allow":["GET"]}}],"collection":[{"href":"https:\/\/scos-kickboxing.ch\/index.php?rest_route=\/wp\/v2\/pages"}],"about":[{"href":"https:\/\/scos-kickboxing.ch\/index.php?rest_route=\/wp\/v2\/types\/page"}],"author":[{"embeddable":true,"href":"https:\/\/scos-kickboxing.ch\/index.php?rest_route=\/wp\/v2\/users\/1"}],"replies":[{"embeddable":true,"href":"https:\/\/scos-kickboxing.ch\/index.php?rest_route=%2Fwp%2Fv2%2Fcomments&post=1592"}],"version-history":[{"count":2,"href":"https:\/\/scos-kickboxing.ch\/index.php?rest_route=\/wp\/v2\/pages\/1592\/revisions"}],"predecessor-version":[{"id":1596,"href":"https:\/\/scos-kickboxing.ch\/index.php?rest_route=\/wp\/v2\/pages\/1592\/revisions\/1596"}],"wp:attachment":[{"href":"https:\/\/scos-kickboxing.ch\/index.php?rest_route=%2Fwp%2Fv2%2Fmedia&parent=1592"}],"curies":[{"name":"wp","href":"https:\/\/api.w.org\/{rel}","templated":true}]}}