{"id":1635,"date":"2026-02-20T22:02:41","date_gmt":"2026-02-20T21:02:41","guid":{"rendered":"https:\/\/scos-kickboxing.ch\/?page_id=1635"},"modified":"2026-02-20T22:10:44","modified_gmt":"2026-02-20T21:10:44","slug":"opposition","status":"publish","type":"page","link":"https:\/\/scos-kickboxing.ch\/?page_id=1635","title":{"rendered":"opposition"},"content":{"rendered":"\n<p>Gr\u00e2ce \u00e0 ce formulaire, tu peux contacter la f\u00e9d\u00e9ration en cas d&#8217;insatisfaction ou si tu n&#8217;es pas d&#8217;accord avec le r\u00e9sultat du combat ou d&#8217;autres sujets.<\/p>\n\n\n\n<p><a href=\"https:\/\/scos-kickboxing.ch\/wp-content\/uploads\/2026\/02\/Einspracheformular_FR.pdf\" data-type=\"link\" data-id=\"https:\/\/scos-kickboxing.ch\/wp-content\/uploads\/2026\/02\/Einspracheformular_FR.pdf\">t\u00e9l\u00e9charger le document<\/a><\/p>\n\n\n\n<p><\/p>\n","protected":false},"excerpt":{"rendered":"<p>Gr\u00e2ce \u00e0 ce formulaire, tu peux contacter la f\u00e9d\u00e9ration en cas d&#8217;insatisfaction ou si tu n&#8217;es pas d&#8217;accord avec le r\u00e9sultat du combat ou d&#8217;autres sujets. t\u00e9l\u00e9charger le document<\/p>\n","protected":false},"author":1,"featured_media":0,"parent":0,"menu_order":0,"comment_status":"closed","ping_status":"closed","template":"","meta":{"_uag_custom_page_level_css":"","_EventAllDay":false,"_EventTimezone":"","_EventStartDate":"","_EventEndDate":"","_EventStartDateUTC":"","_EventEndDateUTC":"","_EventShowMap":false,"_EventShowMapLink":false,"_EventURL":"","_EventCost":"","_EventCostDescription":"","_EventCurrencySymbol":"","_EventCurrencyCode":"","_EventCurrencyPosition":"","_EventDateTimeSeparator":"","_EventTimeRangeSeparator":"","_EventOrganizerID":[],"_EventVenueID":0,"_OrganizerEmail":"","_OrganizerPhone":"","_OrganizerWebsite":"","_VenueAddress":"","_VenueCity":"","_VenueCountry":"","_VenueProvince":"","_VenueZip":"","_VenuePhone":"","_VenueURL":"","_VenueStateProvince":"","_VenueLat":"","_VenueLng":"","footnotes":""},"class_list":["post-1635","page","type-page","status-publish","hentry"],"uagb_featured_image_src":{"full":false,"thumbnail":false,"medium":false,"medium_large":false,"large":false,"1536x1536":false,"2048x2048":false,"twentyseventeen-featured-image":false,"twentyseventeen-thumbnail-avatar":false},"uagb_author_info":{"display_name":"SCOSadmin","author_link":"https:\/\/scos-kickboxing.ch\/?author=1"},"uagb_comment_info":0,"uagb_excerpt":"Gr\u00e2ce \u00e0 ce formulaire, tu peux contacter la f\u00e9d\u00e9ration en cas d&#8217;insatisfaction ou si tu n&#8217;es pas d&#8217;accord avec le r\u00e9sultat du combat ou d&#8217;autres sujets. t\u00e9l\u00e9charger le document","_links":{"self":[{"href":"https:\/\/scos-kickboxing.ch\/index.php?rest_route=\/wp\/v2\/pages\/1635","targetHints":{"allow":["GET"]}}],"collection":[{"href":"https:\/\/scos-kickboxing.ch\/index.php?rest_route=\/wp\/v2\/pages"}],"about":[{"href":"https:\/\/scos-kickboxing.ch\/index.php?rest_route=\/wp\/v2\/types\/page"}],"author":[{"embeddable":true,"href":"https:\/\/scos-kickboxing.ch\/index.php?rest_route=\/wp\/v2\/users\/1"}],"replies":[{"embeddable":true,"href":"https:\/\/scos-kickboxing.ch\/index.php?rest_route=%2Fwp%2Fv2%2Fcomments&post=1635"}],"version-history":[{"count":1,"href":"https:\/\/scos-kickboxing.ch\/index.php?rest_route=\/wp\/v2\/pages\/1635\/revisions"}],"predecessor-version":[{"id":1636,"href":"https:\/\/scos-kickboxing.ch\/index.php?rest_route=\/wp\/v2\/pages\/1635\/revisions\/1636"}],"wp:attachment":[{"href":"https:\/\/scos-kickboxing.ch\/index.php?rest_route=%2Fwp%2Fv2%2Fmedia&parent=1635"}],"curies":[{"name":"wp","href":"https:\/\/api.w.org\/{rel}","templated":true}]}}