{"id":219,"date":"2021-02-21T15:58:39","date_gmt":"2021-02-21T14:58:39","guid":{"rendered":"https:\/\/2020.scos-kickboxing.ch\/?page_id=219"},"modified":"2021-02-21T17:22:47","modified_gmt":"2021-02-21T16:22:47","slug":"datenschutzerklaerung-2","status":"publish","type":"page","link":"https:\/\/scos-kickboxing.ch\/?page_id=219","title":{"rendered":"Politique de confidentialit\u00e9"},"content":{"rendered":"\n<h3 class=\"wp-block-heading\" id=\"block-4bea584e-7b01-4238-bd74-d2fd5d30682f\">POLITIQUE DE CONFIDENTIALIT\u00c9<\/h3>\n\n\n\n<p id=\"block-f1d0c40e-c563-41cd-af95-15267bcc95ae\">Les op\u00e9rateurs de ces pages prennent tr\u00e8s au s\u00e9rieux la protection de vos donn\u00e9es personnelles. Nous traitons vos donn\u00e9es personnelles de mani\u00e8re confidentielle et conform\u00e9ment aux dispositions l\u00e9gales en mati\u00e8re de protection des donn\u00e9es et \u00e0 la pr\u00e9sente d\u00e9claration de protection des donn\u00e9es. L\u2019utilisation de notre site web est g\u00e9n\u00e9ralement possible sans avoir \u00e0 fournir de donn\u00e9es personnelles. En ce qui concerne la collecte de donn\u00e9es personnelles (telles que le nom, l\u2019adresse ou les adresses \u00e9lectroniques), elle se fait dans la mesure du possible sur une base volontaire. Ces donn\u00e9es ne seront pas transmises \u00e0 des tiers sans votre consentement explicite. Nous tenons \u00e0 souligner que la transmission de donn\u00e9es sur Internet (par exemple, la communication par courrier \u00e9lectronique) peut pr\u00e9senter des lacunes en mati\u00e8re de s\u00e9curit\u00e9. Une protection compl\u00e8te des donn\u00e9es contre l\u2019acc\u00e8s par des tiers n\u2019est pas possible.<\/p>\n\n\n\n<h3 class=\"wp-block-heading\" id=\"block-5a39b056-344d-4dd0-9a62-0581ca767c42\">Commentaires<\/h3>\n\n\n\n<p id=\"block-53e2d9c3-615f-46d7-9279-80d3ccf79ef2\">Lorsque les visiteurs postent des commentaires sur le site, nous recueillons les informations affich\u00e9es dans le formulaire de commentaire, ainsi que l\u2019adresse IP du visiteur et la cha\u00eene de l\u2019agent utilisateur (qui identifie le navigateur) pour aider \u00e0 d\u00e9tecter le spam.<\/p>\n\n\n\n<h3 class=\"wp-block-heading\" id=\"block-7a3defbe-ab49-409b-8267-cdd2567f0023\">M\u00e9dias<\/h3>\n\n\n\n<p id=\"block-2a31c6be-b005-4c2d-9bfc-14e0063caaaf\">Si vous \u00eates un utilisateur enregistr\u00e9 et que vous t\u00e9l\u00e9chargez des photos sur ce site, vous devez \u00e9viter de t\u00e9l\u00e9charger des photos avec une localisation GPS EXIF. Les visiteurs de ce site web peuvent t\u00e9l\u00e9charger les photos stock\u00e9es sur ce site et en extraire les informations de localisation.<\/p>\n\n\n\n<h3 class=\"wp-block-heading\" id=\"block-6981b11d-4139-4b09-a2fc-5b7f27a3b08f\">Formulaires de contact<\/h3>\n\n\n\n<p id=\"block-b52fa879-048a-4e07-ba3b-b2b34c72b0c1\">Si vous nous envoyez des demandes de renseignements par le biais du formulaire de contact, les donn\u00e9es que vous avez fournies dans ce formulaire, y compris vos coordonn\u00e9es, seront conserv\u00e9es par nos soins aux fins de traitement de la demande et en cas de questions compl\u00e9mentaires. Nous ne transmettons pas ces donn\u00e9es sans votre consentement.<\/p>\n\n\n\n<h3 class=\"wp-block-heading\" id=\"block-0778df9e-b520-4306-a52a-80d5ad8c165a\">Cookies<\/h3>\n\n\n\n<p id=\"block-072c1b2a-45e3-4b7b-a484-5eeb92682321\">Lorsque vous publiez un commentaire sur notre site web, il peut s\u2019agir d\u2019un consentement \u00e0 stocker votre nom, votre adresse \u00e9lectronique et votre site web dans des cookies. Il s\u2019agit d\u2019une fonction pratique qui vous permet de ne pas avoir \u00e0 saisir \u00e0 nouveau toutes ces donn\u00e9es lorsque vous postez un autre commentaire. Ces cookies sont conserv\u00e9s pendant un an.<\/p>\n\n\n\n<p id=\"block-40444bdc-ebf5-4211-a821-f5587021575c\">Si vous avez un compte et que vous vous connectez \u00e0 ce site, nous installerons un cookie temporaire pour d\u00e9terminer si votre navigateur accepte les cookies. Ce cookie ne contient aucune donn\u00e9e personnelle et est supprim\u00e9 lorsque vous fermez votre navigateur.<\/p>\n\n\n\n<p id=\"block-2617ef3d-678f-4d95-b589-6c42ebda1b56\">Lorsque vous vous connectez, nous mettons en place des cookies pour stocker vos informations de connexion et vos options de visualisation. Les cookies de connexion expirent apr\u00e8s deux jours et les cookies d\u2019options d\u2019affichage apr\u00e8s un an. Si vous s\u00e9lectionnez \u201cRester connect\u00e9\u201d lors de votre inscription, votre connexion sera maintenue pendant deux semaines. Lorsque vous vous d\u00e9connectez de votre compte, les cookies de connexion sont supprim\u00e9s.<\/p>\n\n\n\n<p id=\"block-ffc51d61-51a7-4459-a753-7e71cfdedeff\">Lorsque vous modifiez ou publiez un article, un cookie suppl\u00e9mentaire est stock\u00e9 dans votre navigateur. Ce cookie ne contient aucune donn\u00e9e personnelle et ne fait que r\u00e9f\u00e9rencer le num\u00e9ro de poste de l\u2019article que vous venez d\u2019\u00e9diter. Le cookie expire au bout d\u2019un jour.<\/p>\n\n\n\n<h3 class=\"wp-block-heading\" id=\"block-9ba8c9d8-74b6-4ccf-9783-c7971fb3da89\">Contenu int\u00e9gr\u00e9 provenant d\u2019autres sites web<\/h3>\n\n\n\n<p id=\"block-0fcbf996-1de1-41a4-9337-0334d78e0de6\">Les publications sur ce site web peuvent contenir du contenu int\u00e9gr\u00e9 (par exemple des vid\u00e9os, des images, des articles, etc.). Le contenu int\u00e9gr\u00e9 provenant d\u2019autres sites web se comporte exactement comme si le visiteur avait visit\u00e9 l\u2019autre site web.<\/p>\n\n\n\n<p id=\"block-9ad27dab-19e8-4d87-9955-8b0c545aa056\">Ces sites web peuvent recueillir des informations vous concernant, utiliser des cookies, int\u00e9grer des services de suivi tiers suppl\u00e9mentaires et enregistrer votre interaction avec ce contenu int\u00e9gr\u00e9, y compris votre interaction avec le contenu int\u00e9gr\u00e9 si vous avez un compte et \u00eates connect\u00e9 \u00e0 ce site web.<\/p>\n","protected":false},"excerpt":{"rendered":"<p>POLITIQUE DE CONFIDENTIALIT\u00c9 Les op\u00e9rateurs de ces pages prennent tr\u00e8s au s\u00e9rieux la protection de vos donn\u00e9es personnelles. Nous traitons vos donn\u00e9es personnelles de mani\u00e8re confidentielle et conform\u00e9ment aux dispositions &hellip; <\/p>\n<p class=\"link-more\"><a href=\"https:\/\/scos-kickboxing.ch\/?page_id=219\" class=\"more-link\"><span class=\"screen-reader-text\">&#171;Politique de confidentialit\u00e9&#187;<\/span> weiterlesen<\/a><\/p>\n","protected":false},"author":1,"featured_media":0,"parent":0,"menu_order":0,"comment_status":"closed","ping_status":"open","template":"","meta":{"_uag_custom_page_level_css":"","_EventAllDay":false,"_EventTimezone":"","_EventStartDate":"","_EventEndDate":"","_EventStartDateUTC":"","_EventEndDateUTC":"","_EventShowMap":false,"_EventShowMapLink":false,"_EventURL":"","_EventCost":"","_EventCostDescription":"","_EventCurrencySymbol":"","_EventCurrencyCode":"","_EventCurrencyPosition":"","_EventDateTimeSeparator":"","_EventTimeRangeSeparator":"","_EventOrganizerID":[],"_EventVenueID":0,"_OrganizerEmail":"","_OrganizerPhone":"","_OrganizerWebsite":"","_VenueAddress":"","_VenueCity":"","_VenueCountry":"","_VenueProvince":"","_VenueZip":"","_VenuePhone":"","_VenueURL":"","_VenueStateProvince":"","_VenueLat":"","_VenueLng":"","footnotes":""},"class_list":["post-219","page","type-page","status-publish","hentry"],"uagb_featured_image_src":{"full":false,"thumbnail":false,"medium":false,"medium_large":false,"large":false,"1536x1536":false,"2048x2048":false,"twentyseventeen-featured-image":false,"twentyseventeen-thumbnail-avatar":false},"uagb_author_info":{"display_name":"SCOSadmin","author_link":"https:\/\/scos-kickboxing.ch\/?author=1"},"uagb_comment_info":0,"uagb_excerpt":"POLITIQUE DE CONFIDENTIALIT\u00c9 Les op\u00e9rateurs de ces pages prennent tr\u00e8s au s\u00e9rieux la protection de vos donn\u00e9es personnelles. Nous traitons vos donn\u00e9es personnelles de mani\u00e8re confidentielle et conform\u00e9ment aux dispositions &hellip; \"Politique de confidentialit\u00e9\" weiterlesen","_links":{"self":[{"href":"https:\/\/scos-kickboxing.ch\/index.php?rest_route=\/wp\/v2\/pages\/219","targetHints":{"allow":["GET"]}}],"collection":[{"href":"https:\/\/scos-kickboxing.ch\/index.php?rest_route=\/wp\/v2\/pages"}],"about":[{"href":"https:\/\/scos-kickboxing.ch\/index.php?rest_route=\/wp\/v2\/types\/page"}],"author":[{"embeddable":true,"href":"https:\/\/scos-kickboxing.ch\/index.php?rest_route=\/wp\/v2\/users\/1"}],"replies":[{"embeddable":true,"href":"https:\/\/scos-kickboxing.ch\/index.php?rest_route=%2Fwp%2Fv2%2Fcomments&post=219"}],"version-history":[{"count":3,"href":"https:\/\/scos-kickboxing.ch\/index.php?rest_route=\/wp\/v2\/pages\/219\/revisions"}],"predecessor-version":[{"id":222,"href":"https:\/\/scos-kickboxing.ch\/index.php?rest_route=\/wp\/v2\/pages\/219\/revisions\/222"}],"wp:attachment":[{"href":"https:\/\/scos-kickboxing.ch\/index.php?rest_route=%2Fwp%2Fv2%2Fmedia&parent=219"}],"curies":[{"name":"wp","href":"https:\/\/api.w.org\/{rel}","templated":true}]}}