{"id":230,"date":"2021-02-21T16:11:32","date_gmt":"2021-02-21T15:11:32","guid":{"rendered":"https:\/\/2020.scos-kickboxing.ch\/?page_id=230"},"modified":"2026-01-12T10:43:51","modified_gmt":"2026-01-12T09:43:51","slug":"news-2","status":"publish","type":"page","link":"https:\/\/scos-kickboxing.ch\/?page_id=230","title":{"rendered":"News"},"content":{"rendered":"\n<p><strong><a href=\"https:\/\/scos-kickboxing.ch\/wp-content\/uploads\/2026\/01\/Koordinationssitzung-2026-1-FR.pdf\">Compte rendu de la r\u00e9union de coordination annuelle 202<\/a>6<\/strong><\/p>\n\n\n\n<hr class=\"wp-block-separator has-text-color has-vivid-red-color has-alpha-channel-opacity has-vivid-red-background-color has-background is-style-wide\"\/>\n\n\n\n<p>les champions suisses 2024 se sont qualifi\u00e9s pour ce tournoi<\/p>\n\n\n\n<figure class=\"wp-block-image size-large\"><img loading=\"lazy\" decoding=\"async\" width=\"730\" height=\"1024\" src=\"https:\/\/scos-kickboxing.ch\/wp-content\/uploads\/2025\/01\/Flyer-WMAC-WM-England--730x1024.png\" alt=\"\" class=\"wp-image-1198\" srcset=\"https:\/\/scos-kickboxing.ch\/wp-content\/uploads\/2025\/01\/Flyer-WMAC-WM-England--730x1024.png 730w, https:\/\/scos-kickboxing.ch\/wp-content\/uploads\/2025\/01\/Flyer-WMAC-WM-England--214x300.png 214w, https:\/\/scos-kickboxing.ch\/wp-content\/uploads\/2025\/01\/Flyer-WMAC-WM-England--768x1077.png 768w, https:\/\/scos-kickboxing.ch\/wp-content\/uploads\/2025\/01\/Flyer-WMAC-WM-England-.png 1038w\" sizes=\"auto, (max-width: 730px) 100vw, 730px\" \/><\/figure>\n\n\n\n<hr class=\"wp-block-separator has-text-color has-vivid-red-color has-alpha-channel-opacity has-vivid-red-background-color has-background is-style-wide\"\/>\n\n\n\n<p>nous serons pr\u00e9sents<\/p>\n\n\n\n<figure class=\"wp-block-image size-large\"><img loading=\"lazy\" decoding=\"async\" width=\"1024\" height=\"642\" src=\"https:\/\/scos-kickboxing.ch\/wp-content\/uploads\/2025\/01\/Bildschirmfoto-2025-01-11-um-03.56.17-1024x642.png\" alt=\"\" class=\"wp-image-1195\" srcset=\"https:\/\/scos-kickboxing.ch\/wp-content\/uploads\/2025\/01\/Bildschirmfoto-2025-01-11-um-03.56.17-1024x642.png 1024w, https:\/\/scos-kickboxing.ch\/wp-content\/uploads\/2025\/01\/Bildschirmfoto-2025-01-11-um-03.56.17-300x188.png 300w, https:\/\/scos-kickboxing.ch\/wp-content\/uploads\/2025\/01\/Bildschirmfoto-2025-01-11-um-03.56.17-768x481.png 768w, https:\/\/scos-kickboxing.ch\/wp-content\/uploads\/2025\/01\/Bildschirmfoto-2025-01-11-um-03.56.17-1536x962.png 1536w, https:\/\/scos-kickboxing.ch\/wp-content\/uploads\/2025\/01\/Bildschirmfoto-2025-01-11-um-03.56.17.png 1928w\" sizes=\"auto, (max-width: 767px) 89vw, (max-width: 1000px) 54vw, (max-width: 1071px) 543px, 580px\" \/><\/figure>\n\n\n\n<hr class=\"wp-block-separator has-text-color has-vivid-red-color has-alpha-channel-opacity has-vivid-red-background-color has-background is-style-wide\"\/>\n\n\n\n<p><strong><a href=\"https:\/\/scos-kickboxing.ch\/wp-content\/uploads\/2025\/01\/Protokoll-FR_SCOS-reunion-de-coordination-2025.pdf\">Compte rendu de la r\u00e9union de coordination annuelle 2025<\/a><\/strong><\/p>\n\n\n\n<hr class=\"wp-block-separator has-text-color has-vivid-red-color has-alpha-channel-opacity has-vivid-red-background-color has-background is-style-wide\"\/>\n\n\n\n<p>Les premiers championnats du monde de la WMAC pour notre \u00e9quipe nationale SCOS ont \u00e9t\u00e9 tr\u00e8s bons. Avec 3 champions du monde et 3 m\u00e9dailles d&#8217;argent, nous sommes tr\u00e8s satisfaits pour 9 participants. En 2024, nous serons encore plus grands.<\/p>\n\n\n\n<figure class=\"wp-block-image size-large\"><img loading=\"lazy\" decoding=\"async\" width=\"1024\" height=\"683\" src=\"https:\/\/scos-kickboxing.ch\/wp-content\/uploads\/2023\/10\/IMG_9116-1024x683.jpeg\" alt=\"\" class=\"wp-image-985\" srcset=\"https:\/\/scos-kickboxing.ch\/wp-content\/uploads\/2023\/10\/IMG_9116-1024x683.jpeg 1024w, https:\/\/scos-kickboxing.ch\/wp-content\/uploads\/2023\/10\/IMG_9116-300x200.jpeg 300w, https:\/\/scos-kickboxing.ch\/wp-content\/uploads\/2023\/10\/IMG_9116-768x513.jpeg 768w, https:\/\/scos-kickboxing.ch\/wp-content\/uploads\/2023\/10\/IMG_9116-1536x1025.jpeg 1536w, https:\/\/scos-kickboxing.ch\/wp-content\/uploads\/2023\/10\/IMG_9116-2048x1367.jpeg 2048w\" sizes=\"auto, (max-width: 767px) 89vw, (max-width: 1000px) 54vw, (max-width: 1071px) 543px, 580px\" \/><\/figure>\n\n\n\n<hr class=\"wp-block-separator has-text-color has-vivid-red-color has-alpha-channel-opacity has-vivid-red-background-color has-background is-style-wide\"\/>\n\n\n\n<p>La premi\u00e8re Swiss Cup est termin\u00e9e. Beaucoup de choses peuvent \u00eatre am\u00e9lior\u00e9es, mais cela reste une exp\u00e9rience pr\u00e9cieuse pour nous et pour les combattants. Nous vous remercions d&#8217;avoir particip\u00e9.<\/p>\n\n\n\n<p>L&#8217;ann\u00e9e prochaine, cette coupe aura lieu \u00e0 la mi-juin. Si des organisateurs sont int\u00e9ress\u00e9s, n&#8217;h\u00e9sitez pas \u00e0 les contacter.<\/p>\n\n\n\n<hr class=\"wp-block-separator has-text-color has-vivid-red-color has-alpha-channel-opacity has-vivid-red-background-color has-background is-style-wide\"\/>\n\n\n\n<figure class=\"wp-block-image size-large\"><img loading=\"lazy\" decoding=\"async\" width=\"1024\" height=\"943\" src=\"https:\/\/scos-kickboxing.ch\/wp-content\/uploads\/2023\/05\/IMG_6918-1024x943.jpg\" alt=\"\" class=\"wp-image-763\" srcset=\"https:\/\/scos-kickboxing.ch\/wp-content\/uploads\/2023\/05\/IMG_6918-1024x943.jpg 1024w, https:\/\/scos-kickboxing.ch\/wp-content\/uploads\/2023\/05\/IMG_6918-300x276.jpg 300w, https:\/\/scos-kickboxing.ch\/wp-content\/uploads\/2023\/05\/IMG_6918-768x707.jpg 768w, https:\/\/scos-kickboxing.ch\/wp-content\/uploads\/2023\/05\/IMG_6918.jpg 1179w\" sizes=\"auto, (max-width: 767px) 89vw, (max-width: 1000px) 54vw, (max-width: 1071px) 543px, 580px\" \/><\/figure>\n\n\n\n<p>Lien vers l&#8217;inscription : https:\/\/docs.google.com\/forms\/d\/e\/1FAIpQLSc36v3OBcPgi57JG9OWZCAh3tfrk8mHHripUxU_7w1Qkd1_VA\/viewform<\/p>\n\n\n\n<hr class=\"wp-block-separator has-text-color has-vivid-red-color has-alpha-channel-opacity has-vivid-red-background-color has-background is-style-wide\"\/>\n\n\n\n<div data-wp-interactive=\"core\/file\" class=\"wp-block-file\"><object data-wp-bind--hidden=\"!state.hasPdfPreview\" hidden class=\"wp-block-file__embed\" data=\"https:\/\/scos-kickboxing.ch\/wp-content\/uploads\/2023\/04\/SCOS-Neuerungen-2023-franz.pdf\" type=\"application\/pdf\" style=\"width:100%;height:600px\" aria-label=\"Einbettung von SCOS Neuerungen 2023 franz..\"><\/object><a id=\"wp-block-file--media-f5624c0e-2de8-4295-b56d-ad2252863f6a\" href=\"https:\/\/scos-kickboxing.ch\/wp-content\/uploads\/2023\/04\/SCOS-Neuerungen-2023-franz.pdf\">SCOS Neuerungen 2023 franz.<\/a><a href=\"https:\/\/scos-kickboxing.ch\/wp-content\/uploads\/2023\/04\/SCOS-Neuerungen-2023-franz.pdf\" class=\"wp-block-file__button wp-element-button\" download aria-describedby=\"wp-block-file--media-f5624c0e-2de8-4295-b56d-ad2252863f6a\">Herunterladen<\/a><\/div>\n\n\n\n<hr class=\"wp-block-separator has-text-color has-pale-pink-color has-alpha-channel-opacity has-pale-pink-background-color has-background is-style-wide\"\/>\n\n\n<p>Information importante !<\/p>\n<p>Les 4 premi\u00e8res qualifications sont termin\u00e9es, le classement annuel est maintenant en ligne. Il est important pour tous les participants de savoir qu&#8217;il n&#8217;est possible de changer de cat\u00e9gorie de poids que jusqu&#8217;\u00e0 la 5e qualification. Ceux qui n&#8217;ont pas le poids qu&#8217;ils ont d\u00e9clar\u00e9 le jour de la comp\u00e9tition et qui combattent dans la cat\u00e9gorie de poids qui ne leur convient pas, seront sanctionn\u00e9s de 5 points suppl\u00e9mentaires. Il est donc important d&#8217;avoir le poids correct lors de la derni\u00e8re qualification.<\/p>\n\n\n<hr class=\"wp-block-separator has-text-color has-vivid-red-color has-css-opacity has-vivid-red-background-color has-background is-style-wide\"\/>\n\n\n\n<p>Bonjour \u00e0 tous<\/p>\n\n\n\n<p>Notre nouvelle page est en ligne et nous continuons \u00e0 y travailler.<\/p>\n\n\n\n<p>Nous sommes au milieu de la saison 2022 et c&#8217;est un plaisir de vous voir tous r\u00e9guli\u00e8rement.<br>Cette ann\u00e9e, avec le K-1, la boxe orientale et le Muay Thai, nous pratiquons trois styles de combat et nous d\u00e9cernerons un titre de champion suisse amateur si au moins 6 participants par cat\u00e9gorie de poids participent.<br>La demande de notre offre est en constante augmentation malgr\u00e9 les offres parall\u00e8les ou les championnats.<br>D&#8217;autres grandes \u00e9tapes seront pr\u00e9sent\u00e9es prochainement.<br>Soyez curieux et continuez \u00e0 contribuer \u00e0 la cr\u00e9ation d&#8217;une grande communaut\u00e9 commune qui nous am\u00e8nera \u00e0 un niveau international bien plus \u00e9lev\u00e9 que jusqu&#8217;\u00e0 pr\u00e9sent.<\/p>\n\n\n\n<hr class=\"wp-block-separator has-text-color has-vivid-red-color has-css-opacity has-vivid-red-background-color has-background is-style-wide\"\/>\n","protected":false},"excerpt":{"rendered":"<p>Compte rendu de la r\u00e9union de coordination annuelle 2026 les champions suisses 2024 se sont qualifi\u00e9s pour ce tournoi nous serons pr\u00e9sents Compte rendu de la r\u00e9union de coordination annuelle &hellip; <\/p>\n<p class=\"link-more\"><a href=\"https:\/\/scos-kickboxing.ch\/?page_id=230\" class=\"more-link\"><span class=\"screen-reader-text\">&#171;News&#187;<\/span> weiterlesen<\/a><\/p>\n","protected":false},"author":1,"featured_media":0,"parent":0,"menu_order":0,"comment_status":"closed","ping_status":"closed","template":"","meta":{"_uag_custom_page_level_css":"","_EventAllDay":false,"_EventTimezone":"","_EventStartDate":"","_EventEndDate":"","_EventStartDateUTC":"","_EventEndDateUTC":"","_EventShowMap":false,"_EventShowMapLink":false,"_EventURL":"","_EventCost":"","_EventCostDescription":"","_EventCurrencySymbol":"","_EventCurrencyCode":"","_EventCurrencyPosition":"","_EventDateTimeSeparator":"","_EventTimeRangeSeparator":"","_EventOrganizerID":[],"_EventVenueID":0,"_OrganizerEmail":"","_OrganizerPhone":"","_OrganizerWebsite":"","_VenueAddress":"","_VenueCity":"","_VenueCountry":"","_VenueProvince":"","_VenueZip":"","_VenuePhone":"","_VenueURL":"","_VenueStateProvince":"","_VenueLat":"","_VenueLng":"","footnotes":""},"class_list":["post-230","page","type-page","status-publish","hentry"],"uagb_featured_image_src":{"full":false,"thumbnail":false,"medium":false,"medium_large":false,"large":false,"1536x1536":false,"2048x2048":false,"twentyseventeen-featured-image":false,"twentyseventeen-thumbnail-avatar":false},"uagb_author_info":{"display_name":"SCOSadmin","author_link":"https:\/\/scos-kickboxing.ch\/?author=1"},"uagb_comment_info":0,"uagb_excerpt":"Compte rendu de la r\u00e9union de coordination annuelle 2026 les champions suisses 2024 se sont qualifi\u00e9s pour ce tournoi nous serons pr\u00e9sents Compte rendu de la r\u00e9union de coordination annuelle &hellip; \"News\" weiterlesen","_links":{"self":[{"href":"https:\/\/scos-kickboxing.ch\/index.php?rest_route=\/wp\/v2\/pages\/230","targetHints":{"allow":["GET"]}}],"collection":[{"href":"https:\/\/scos-kickboxing.ch\/index.php?rest_route=\/wp\/v2\/pages"}],"about":[{"href":"https:\/\/scos-kickboxing.ch\/index.php?rest_route=\/wp\/v2\/types\/page"}],"author":[{"embeddable":true,"href":"https:\/\/scos-kickboxing.ch\/index.php?rest_route=\/wp\/v2\/users\/1"}],"replies":[{"embeddable":true,"href":"https:\/\/scos-kickboxing.ch\/index.php?rest_route=%2Fwp%2Fv2%2Fcomments&post=230"}],"version-history":[{"count":13,"href":"https:\/\/scos-kickboxing.ch\/index.php?rest_route=\/wp\/v2\/pages\/230\/revisions"}],"predecessor-version":[{"id":1489,"href":"https:\/\/scos-kickboxing.ch\/index.php?rest_route=\/wp\/v2\/pages\/230\/revisions\/1489"}],"wp:attachment":[{"href":"https:\/\/scos-kickboxing.ch\/index.php?rest_route=%2Fwp%2Fv2%2Fmedia&parent=230"}],"curies":[{"name":"wp","href":"https:\/\/api.w.org\/{rel}","templated":true}]}}