{"id":233,"date":"2021-02-21T16:12:37","date_gmt":"2021-02-21T15:12:37","guid":{"rendered":"https:\/\/2020.scos-kickboxing.ch\/?page_id=233"},"modified":"2025-10-08T14:38:41","modified_gmt":"2025-10-08T12:38:41","slug":"ranglisten-2","status":"publish","type":"page","link":"https:\/\/scos-kickboxing.ch\/?page_id=233","title":{"rendered":"Classements Qualification 2025"},"content":{"rendered":"\n<hr class=\"wp-block-separator has-text-color has-vivid-red-color has-alpha-channel-opacity has-vivid-red-background-color has-background is-style-wide\"\/>\n\n\n\n<p><a href=\"https:\/\/scos-kickboxing.ch\/wp-content\/uploads\/2025\/08\/1.-Quali-Rangliste-K1.pdf\" data-type=\"link\" data-id=\"https:\/\/scos-kickboxing.ch\/wp-content\/uploads\/2025\/04\/Rangliste-K1-Ring-A-1.-Quali-25.pdf\">1\u00e8re qualification Bienne Classement K-1<\/a><\/p>\n\n\n\n<p><a href=\"https:\/\/scos-kickboxing.ch\/wp-content\/uploads\/2025\/08\/1.-Quali-Rangliste-MUAYTHAI.pdf\" data-type=\"link\" data-id=\"https:\/\/scos-kickboxing.ch\/wp-content\/uploads\/2025\/04\/Rangliste-MUAY-THAI-Ring-B-1.-Quali-25.pdf\">1\u00e8re qualification Bienne Classement Muay Thai<\/a><\/p>\n\n\n\n<p><a href=\"https:\/\/scos-kickboxing.ch\/wp-content\/uploads\/2025\/08\/1.-Quali-Rangliste-ORIENTALBOXING.pdf\">1\u00e8re qualification Bienne Classement Boxe Orientale<\/a><\/p>\n\n\n\n<hr class=\"wp-block-separator has-text-color has-vivid-red-color has-alpha-channel-opacity has-vivid-red-background-color has-background is-style-wide\"\/>\n\n\n\n<p><a href=\"https:\/\/scos-kickboxing.ch\/wp-content\/uploads\/2025\/08\/2.-Quali-Rangliste-K1.pdf\">2\u00e8me qualification Bern  Classement K-1<\/a><\/p>\n\n\n\n<p><a href=\"https:\/\/scos-kickboxing.ch\/wp-content\/uploads\/2025\/08\/2.-Quali-Rangliste-MUAYTHAI.pdf\" data-type=\"link\" data-id=\"https:\/\/scos-kickboxing.ch\/wp-content\/uploads\/2025\/04\/2.-Quali-29.3.25_Rangliste_MUAYTHAI_RingB.pdf\">2\u00e8me qualification Bern Classement Muay Thai<\/a><\/p>\n\n\n\n<p><a href=\"https:\/\/scos-kickboxing.ch\/wp-content\/uploads\/2025\/08\/2.-Quali-Rangliste-ORIENTALBOXING.pdf\">2\u00e8me qualification Bern Classement Boxe Orientale<\/a><\/p>\n\n\n\n<hr class=\"wp-block-separator has-text-color has-vivid-red-color has-alpha-channel-opacity has-vivid-red-background-color has-background is-style-wide\"\/>\n\n\n\n<p id=\"block-bc73d1e5-8643-4c9d-bfa5-4964c803b8c6\"><a href=\"https:\/\/scos-kickboxing.ch\/wp-content\/uploads\/2025\/08\/3.-Quali-Rangliste-K1.pdf\">3\u00e8me qualification Bern Classement K-1<\/a><\/p>\n\n\n\n<p id=\"block-c0333664-8622-4af6-b3af-7b2ee6d78503\"><a href=\"https:\/\/scos-kickboxing.ch\/wp-content\/uploads\/2025\/09\/3.-Quali-Rangliste-MUAYTHAI.pdf\">3\u00e8me qualification Bern Classement Muay Thai<\/a><\/p>\n\n\n\n<p id=\"block-fe342258-8493-4ba9-acbe-572991af6b6f\"><a href=\"https:\/\/scos-kickboxing.ch\/wp-content\/uploads\/2025\/08\/3.-Quali-Rangliste-ORIENTALBOXING.pdf\">3\u00e8me qualification Bern Classement Boxe Orientale<\/a><\/p>\n\n\n\n<hr class=\"wp-block-separator has-text-color has-vivid-red-color has-alpha-channel-opacity has-vivid-red-background-color has-background is-style-wide\"\/>\n\n\n\n<p id=\"block-bc73d1e5-8643-4c9d-bfa5-4964c803b8c6\"><a href=\"https:\/\/scos-kickboxing.ch\/wp-content\/uploads\/2025\/08\/4.-Quali-Rangliste-K1-.pdf\">4\u00e8me qualification Bern Classement K-1<\/a><\/p>\n\n\n\n<p id=\"block-c0333664-8622-4af6-b3af-7b2ee6d78503\"><a href=\"https:\/\/scos-kickboxing.ch\/wp-content\/uploads\/2025\/08\/4.-Quali-Rangliste-MUAY-THAI.pdf\">4\u00e8me qualification Bern Classement Muay Thai<\/a><\/p>\n\n\n\n<p id=\"block-fe342258-8493-4ba9-acbe-572991af6b6f\"><a href=\"https:\/\/scos-kickboxing.ch\/wp-content\/uploads\/2025\/08\/4.-Quali-Rangliste-ORIENTAL-BOXING.pdf\">4\u00e8me qualification Bern Classement Boxe Orientale<\/a><\/p>\n\n\n\n<hr class=\"wp-block-separator has-text-color has-vivid-red-color has-alpha-channel-opacity has-vivid-red-background-color has-background is-style-wide\"\/>\n\n\n\n<p id=\"block-bc73d1e5-8643-4c9d-bfa5-4964c803b8c6\"><a href=\"https:\/\/scos-kickboxing.ch\/wp-content\/uploads\/2025\/09\/5.-Quali-K1.pdf\" data-type=\"link\" data-id=\"https:\/\/scos-kickboxing.ch\/wp-content\/uploads\/2025\/09\/5.-Quali-K1.pdf\">5\u00e8me qualification Bern Classement K-1<\/a><\/p>\n\n\n\n<p id=\"block-c0333664-8622-4af6-b3af-7b2ee6d78503\"><a href=\"https:\/\/scos-kickboxing.ch\/wp-content\/uploads\/2025\/09\/5.-Quali-MUAY-THAI.pdf\" data-type=\"link\" data-id=\"https:\/\/scos-kickboxing.ch\/wp-content\/uploads\/2025\/09\/5.-Quali-MUAY-THAI.pdf\">5\u00e8me qualification Bern Classement Muay Thai<\/a><\/p>\n\n\n\n<p id=\"block-fe342258-8493-4ba9-acbe-572991af6b6f\"><a href=\"https:\/\/scos-kickboxing.ch\/wp-content\/uploads\/2025\/09\/5.-Quali-ORIENTAL-BOXING.pdf\" data-type=\"link\" data-id=\"https:\/\/scos-kickboxing.ch\/wp-content\/uploads\/2025\/09\/5.-Quali-ORIENTAL-BOXING.pdf\">5\u00e8me qualification Bern Classement Boxe Orientale<\/a><\/p>\n\n\n\n<hr class=\"wp-block-separator has-text-color has-vivid-red-color has-alpha-channel-opacity has-vivid-red-background-color has-background is-style-wide\"\/>\n\n\n\n<p id=\"block-bc73d1e5-8643-4c9d-bfa5-4964c803b8c6\"><a href=\"https:\/\/scos-kickboxing.ch\/wp-content\/uploads\/2025\/10\/Rangliste-6.-Quali-K1.pdf\" data-type=\"link\" data-id=\"https:\/\/scos-kickboxing.ch\/wp-content\/uploads\/2025\/10\/Rangliste-6.-Quali-K1.pdf\">6\u00e8me qualification Bern Classement K-1<\/a><\/p>\n\n\n\n<p id=\"block-c0333664-8622-4af6-b3af-7b2ee6d78503\"><a href=\"https:\/\/scos-kickboxing.ch\/wp-content\/uploads\/2025\/10\/Ranglsite-6.-Quali-MT.pdf\" data-type=\"link\" data-id=\"https:\/\/scos-kickboxing.ch\/wp-content\/uploads\/2025\/10\/Ranglsite-6.-Quali-MT.pdf\">6\u00e8me qualification Bern Classement Muay Thai<\/a><\/p>\n\n\n\n<p id=\"block-fe342258-8493-4ba9-acbe-572991af6b6f\"><a href=\"https:\/\/scos-kickboxing.ch\/wp-content\/uploads\/2025\/10\/Rangliste-6.-Quali-OB.pdf\" data-type=\"link\" data-id=\"https:\/\/scos-kickboxing.ch\/wp-content\/uploads\/2025\/10\/Rangliste-6.-Quali-OB.pdf\">6\u00e8me qualification Bern Classement Boxe Orientale<\/a><\/p>\n\n\n\n<hr class=\"wp-block-separator has-text-color has-vivid-red-color has-alpha-channel-opacity has-vivid-red-background-color has-background is-style-wide\"\/>\n\n\n\n<p><\/p>\n","protected":false},"excerpt":{"rendered":"<p>1\u00e8re qualification Bienne Classement K-1 1\u00e8re qualification Bienne Classement Muay Thai 1\u00e8re qualification Bienne Classement Boxe Orientale 2\u00e8me qualification Bern Classement K-1 2\u00e8me qualification Bern Classement Muay Thai 2\u00e8me qualification &hellip; <\/p>\n<p class=\"link-more\"><a href=\"https:\/\/scos-kickboxing.ch\/?page_id=233\" class=\"more-link\"><span class=\"screen-reader-text\">&#171;Classements Qualification 2025&#187;<\/span> weiterlesen<\/a><\/p>\n","protected":false},"author":1,"featured_media":0,"parent":0,"menu_order":0,"comment_status":"closed","ping_status":"closed","template":"","meta":{"_uag_custom_page_level_css":"","_EventAllDay":false,"_EventTimezone":"","_EventStartDate":"","_EventEndDate":"","_EventStartDateUTC":"","_EventEndDateUTC":"","_EventShowMap":false,"_EventShowMapLink":false,"_EventURL":"","_EventCost":"","_EventCostDescription":"","_EventCurrencySymbol":"","_EventCurrencyCode":"","_EventCurrencyPosition":"","_EventDateTimeSeparator":"","_EventTimeRangeSeparator":"","_EventOrganizerID":[],"_EventVenueID":0,"_OrganizerEmail":"","_OrganizerPhone":"","_OrganizerWebsite":"","_VenueAddress":"","_VenueCity":"","_VenueCountry":"","_VenueProvince":"","_VenueZip":"","_VenuePhone":"","_VenueURL":"","_VenueStateProvince":"","_VenueLat":"","_VenueLng":"","footnotes":""},"class_list":["post-233","page","type-page","status-publish","hentry"],"uagb_featured_image_src":{"full":false,"thumbnail":false,"medium":false,"medium_large":false,"large":false,"1536x1536":false,"2048x2048":false,"twentyseventeen-featured-image":false,"twentyseventeen-thumbnail-avatar":false},"uagb_author_info":{"display_name":"SCOSadmin","author_link":"https:\/\/scos-kickboxing.ch\/?author=1"},"uagb_comment_info":0,"uagb_excerpt":"1\u00e8re qualification Bienne Classement K-1 1\u00e8re qualification Bienne Classement Muay Thai 1\u00e8re qualification Bienne Classement Boxe Orientale 2\u00e8me qualification Bern Classement K-1 2\u00e8me qualification Bern Classement Muay Thai 2\u00e8me qualification &hellip; \"Classements Qualification 2025\" weiterlesen","_links":{"self":[{"href":"https:\/\/scos-kickboxing.ch\/index.php?rest_route=\/wp\/v2\/pages\/233","targetHints":{"allow":["GET"]}}],"collection":[{"href":"https:\/\/scos-kickboxing.ch\/index.php?rest_route=\/wp\/v2\/pages"}],"about":[{"href":"https:\/\/scos-kickboxing.ch\/index.php?rest_route=\/wp\/v2\/types\/page"}],"author":[{"embeddable":true,"href":"https:\/\/scos-kickboxing.ch\/index.php?rest_route=\/wp\/v2\/users\/1"}],"replies":[{"embeddable":true,"href":"https:\/\/scos-kickboxing.ch\/index.php?rest_route=%2Fwp%2Fv2%2Fcomments&post=233"}],"version-history":[{"count":51,"href":"https:\/\/scos-kickboxing.ch\/index.php?rest_route=\/wp\/v2\/pages\/233\/revisions"}],"predecessor-version":[{"id":1408,"href":"https:\/\/scos-kickboxing.ch\/index.php?rest_route=\/wp\/v2\/pages\/233\/revisions\/1408"}],"wp:attachment":[{"href":"https:\/\/scos-kickboxing.ch\/index.php?rest_route=%2Fwp%2Fv2%2Fmedia&parent=233"}],"curies":[{"name":"wp","href":"https:\/\/api.w.org\/{rel}","templated":true}]}}