{"id":243,"date":"2021-02-21T16:18:16","date_gmt":"2021-02-21T15:18:16","guid":{"rendered":"https:\/\/2020.scos-kickboxing.ch\/?page_id=243"},"modified":"2022-06-27T17:17:39","modified_gmt":"2022-06-27T15:17:39","slug":"scos-kickboxing","status":"publish","type":"page","link":"https:\/\/scos-kickboxing.ch\/?lang=fr","title":{"rendered":"SCOS Kickboxing"},"content":{"rendered":"\n<h2 class=\"wp-block-heading\">Switzerland&#8217;s Best Amateur League In Kickboxing, Oriental Boxing and Muay Thai!<\/h2>\n\n\n\n<p><\/p>\n\n\n\n<h4 class=\"wp-block-heading\">Bienvenue sur notre site<\/h4>\n\n\n\n<p>Le SCOS (Swiss Combat System) est une organisation qui offre une plate-forme aux artistes martiaux amateurs.<\/p>\n\n\n\n<p>Mesurez vos comp\u00e9tences en concurrence avec des personnes partageant les m\u00eames id\u00e9es. Collectez des points tout au long de l&#8217;ann\u00e9e et battez-vous \u00e0 la fin de celle-ci et pour le titre SCOS.<\/p>\n\n\n\n<p>Tous les artistes martiaux et amis du budo sont cordialement invit\u00e9s.<br>Visitez nos \u00e9v\u00e9nements ou inscrivez-vous aupr\u00e8s de vos \u00e9coles \/ clubs et associations et m\u00e9langez-les avec nous.<\/p>\n\n\n\n<p>Nous sommes heureux de chaque combattant ou visiteur.<\/p>\n\n\n\n\n","protected":false},"excerpt":{"rendered":"<p>Switzerland&#8217;s Best Amateur League In Kickboxing, Oriental Boxing and Muay Thai! Bienvenue sur notre site Le SCOS (Swiss Combat System) est une organisation qui offre une plate-forme aux artistes martiaux &hellip; <\/p>\n<p class=\"link-more\"><a href=\"https:\/\/scos-kickboxing.ch\/?lang=fr\" class=\"more-link\"><span class=\"screen-reader-text\">&#171;SCOS Kickboxing&#187;<\/span> weiterlesen<\/a><\/p>\n","protected":false},"author":1,"featured_media":0,"parent":0,"menu_order":0,"comment_status":"closed","ping_status":"closed","template":"","meta":{"_uag_custom_page_level_css":"","_EventAllDay":false,"_EventTimezone":"","_EventStartDate":"","_EventEndDate":"","_EventStartDateUTC":"","_EventEndDateUTC":"","_EventShowMap":false,"_EventShowMapLink":false,"_EventURL":"","_EventCost":"","_EventCostDescription":"","_EventCurrencySymbol":"","_EventCurrencyCode":"","_EventCurrencyPosition":"","_EventDateTimeSeparator":"","_EventTimeRangeSeparator":"","_EventOrganizerID":[],"_EventVenueID":0,"_OrganizerEmail":"","_OrganizerPhone":"","_OrganizerWebsite":"","_VenueAddress":"","_VenueCity":"","_VenueCountry":"","_VenueProvince":"","_VenueZip":"","_VenuePhone":"","_VenueURL":"","_VenueStateProvince":"","_VenueLat":"","_VenueLng":"","footnotes":""},"class_list":["post-243","page","type-page","status-publish","hentry"],"uagb_featured_image_src":{"full":false,"thumbnail":false,"medium":false,"medium_large":false,"large":false,"1536x1536":false,"2048x2048":false,"twentyseventeen-featured-image":false,"twentyseventeen-thumbnail-avatar":false},"uagb_author_info":{"display_name":"SCOSadmin","author_link":"https:\/\/scos-kickboxing.ch\/?author=1"},"uagb_comment_info":0,"uagb_excerpt":"Switzerland&#8217;s Best Amateur League In Kickboxing, Oriental Boxing and Muay Thai! Bienvenue sur notre site Le SCOS (Swiss Combat System) est une organisation qui offre une plate-forme aux artistes martiaux &hellip; \"SCOS Kickboxing\" weiterlesen","_links":{"self":[{"href":"https:\/\/scos-kickboxing.ch\/index.php?rest_route=\/wp\/v2\/pages\/243","targetHints":{"allow":["GET"]}}],"collection":[{"href":"https:\/\/scos-kickboxing.ch\/index.php?rest_route=\/wp\/v2\/pages"}],"about":[{"href":"https:\/\/scos-kickboxing.ch\/index.php?rest_route=\/wp\/v2\/types\/page"}],"author":[{"embeddable":true,"href":"https:\/\/scos-kickboxing.ch\/index.php?rest_route=\/wp\/v2\/users\/1"}],"replies":[{"embeddable":true,"href":"https:\/\/scos-kickboxing.ch\/index.php?rest_route=%2Fwp%2Fv2%2Fcomments&post=243"}],"version-history":[{"count":3,"href":"https:\/\/scos-kickboxing.ch\/index.php?rest_route=\/wp\/v2\/pages\/243\/revisions"}],"predecessor-version":[{"id":508,"href":"https:\/\/scos-kickboxing.ch\/index.php?rest_route=\/wp\/v2\/pages\/243\/revisions\/508"}],"wp:attachment":[{"href":"https:\/\/scos-kickboxing.ch\/index.php?rest_route=%2Fwp%2Fv2%2Fmedia&parent=243"}],"curies":[{"name":"wp","href":"https:\/\/api.w.org\/{rel}","templated":true}]}}